{"id":2063,"date":"2019-01-04T07:30:54","date_gmt":"2019-01-04T07:30:54","guid":{"rendered":"https:\/\/ldsmetall.eu\/contact-us\/"},"modified":"2019-01-04T07:30:54","modified_gmt":"2019-01-04T07:30:54","slug":"contact-us","status":"publish","type":"page","link":"https:\/\/ldsmetall.eu\/ru\/contact-us\/","title":{"rendered":"Contact Us"},"content":{"rendered":"\t\t<div data-elementor-type=\"wp-post\" data-elementor-id=\"2063\" class=\"elementor elementor-2063 elementor-175\">\n\t\t\t\t\t\t<section class=\"elementor-section elementor-top-section elementor-element elementor-element-7b05128d elementor-section-full_width elementor-section-height-default elementor-section-height-default\" data-id=\"7b05128d\" data-element_type=\"section\" data-e-type=\"section\">\n\t\t\t\t\t\t<div class=\"elementor-container elementor-column-gap-default\">\n\t\t\t\t\t<div class=\"elementor-column elementor-col-100 elementor-top-column elementor-element elementor-element-7d204be0\" data-id=\"7d204be0\" data-element_type=\"column\" data-e-type=\"column\">\n\t\t\t<div class=\"elementor-widget-wrap elementor-element-populated\">\n\t\t\t\t\t\t<div class=\"elementor-element elementor-element-317db884 elementor-align-left elementor-widget elementor-widget-bdevs-banner\" data-id=\"317db884\" data-element_type=\"widget\" data-e-type=\"widget\" data-widget_type=\"bdevs-banner.default\">\n\t\t\t\t<div class=\"elementor-widget-container\">\n\t\t\t\t\t\t\t\r\n\t\t<div class=\"inner-banner\" style=\"background: url(http:\/\/shtheme.info\/demosd\/industrio1\/wp-content\/uploads\/2020\/07\/inner-banner-1-1.jpg) center center no-repeat;\">\r\n\t        <div class=\"container\">\r\n\t        \t\t            <h3>Kontakta oss<\/h3>\r\n\t            \t            <ul class=\"breadcumb\">\r\n\t                <li><a href=\"https:\/\/ldsmetall.eu\/ru\/\">LDS METALL<\/a><\/li><!--\r\n\t                --><li><span class=\"sep\"><i class=\"fa fa-angle-right\"><\/i><\/span><\/li><!--\r\n\t                --><li><span>Kontakta oss<\/span><\/li>\r\n\t            <\/ul><!-- \/.breadcumb -->\r\n\t        <\/div><!-- \/.container -->\r\n\t    <\/div><!-- \/.inner-banner -->\r\n\t\t\t\t\t<\/div>\n\t\t\t\t<\/div>\n\t\t\t\t\t<\/div>\n\t\t<\/div>\n\t\t\t\t\t<\/div>\n\t\t<\/section>\n\t\t\t\t<section class=\"elementor-section elementor-top-section elementor-element elementor-element-4ad80d50 elementor-section-full_width elementor-section-height-default elementor-section-height-default\" data-id=\"4ad80d50\" data-element_type=\"section\" data-e-type=\"section\">\n\t\t\t\t\t\t<div class=\"elementor-container elementor-column-gap-default\">\n\t\t\t\t\t<div class=\"elementor-column elementor-col-100 elementor-top-column elementor-element elementor-element-2d68adb0\" data-id=\"2d68adb0\" data-element_type=\"column\" data-e-type=\"column\">\n\t\t\t<div class=\"elementor-widget-wrap elementor-element-populated\">\n\t\t\t\t\t\t<div class=\"elementor-element elementor-element-49c908aa elementor-align-left elementor-widget elementor-widget-bdevs-contact\" data-id=\"49c908aa\" data-element_type=\"widget\" data-e-type=\"widget\" data-widget_type=\"bdevs-contact.default\">\n\t\t\t\t<div class=\"elementor-widget-container\">\n\t\t\t\t\t\t   \t\t   \t<section class=\"contact-page sec-pad\">\n\t        <div class=\"container\">\n\t            <div class=\"sec-title text-center\">\n\t                \t                <h3>H\u00f6r av<span> dig<\/span><\/h3>\n\t                \t                \t                <p>Vi \u00e4r redo att \u00f6verv\u00e4ga din beg\u00e4ran. Vi garanterar kvalitet och snabbhet i arbetet <\/p>\n\t                \t            <\/div><!-- \/.sec-title text-center -->\n\t            <div class=\"row\">\n\t                <div class=\"col-md-6\">\n\t                    <iframe src=\"https:\/\/www.google.com\/maps\/embed?pb=!1m18!1m12!1m3!1d2029.8812455960203!2d24.8191419770224!3d59.418375874657535!2m3!1f0!2f0!3f0!3m2!1i1024!2i768!4f13.1!3m3!1m2!1s0x4692eb5f3c71d0df%3A0xd87c4042afef3f4e!2zVsOkaWtlLVPDtWphbcOkZSB0biAzZSwgMTE0MTUgVGFsbGlubg!5e0!3m2!1sru!2see!4v1727169384118!5m2!1sru!2see\" width=\"600\" height=\"450\" style=\"border:0;\" allowfullscreen=\"\" loading=\"lazy\" referrerpolicy=\"no-referrer-when-downgrade\"&gt;\" width=\"570\" height=\"495\" frameborder=\"0\" style=\"border:0;\" allowfullscreen=\"\"><\/iframe>\n\t                <\/div><!-- \/.col-md-6 -->\n\t                <div class=\"col-md-6\">\n\t                    \n<div class=\"wpcf7 no-js\" id=\"wpcf7-f180-o1\" lang=\"sv-SE\" dir=\"ltr\" data-wpcf7-id=\"180\">\n<div class=\"screen-reader-response\"><p role=\"status\" aria-live=\"polite\" aria-atomic=\"true\"><\/p> <ul><\/ul><\/div>\n<form action=\"\/ru\/wp-json\/wp\/v2\/pages\/2063#wpcf7-f180-o1\" method=\"post\" class=\"wpcf7-form init\" aria-label=\"Kontaktformul\u00e4r\" novalidate=\"novalidate\" data-status=\"init\">\n<fieldset class=\"hidden-fields-container\"><input type=\"hidden\" name=\"_wpcf7\" value=\"180\" \/><input type=\"hidden\" name=\"_wpcf7_version\" value=\"6.1.5\" \/><input type=\"hidden\" name=\"_wpcf7_locale\" value=\"sv_SE\" \/><input type=\"hidden\" name=\"_wpcf7_unit_tag\" value=\"wpcf7-f180-o1\" \/><input type=\"hidden\" name=\"_wpcf7_container_post\" value=\"0\" \/><input type=\"hidden\" name=\"_wpcf7_posted_data_hash\" value=\"\" \/><input type=\"hidden\" name=\"_wpcf7_recaptcha_response\" value=\"\" \/>\n<\/fieldset>\n<div class=\"contact-form\">\n\t<h3>Skicka mail\n\t<\/h3>\n\t<p><span class=\"wpcf7-form-control-wrap\" data-name=\"name\"><input size=\"40\" maxlength=\"400\" class=\"wpcf7-form-control wpcf7-text wpcf7-validates-as-required\" aria-required=\"true\" aria-invalid=\"false\" placeholder=\"Ert namn..\" value=\"\" type=\"text\" name=\"name\" \/><\/span><span class=\"wpcf7-form-control-wrap\" data-name=\"email\"><input size=\"40\" maxlength=\"400\" class=\"wpcf7-form-control wpcf7-text wpcf7-validates-as-required\" aria-required=\"true\" aria-invalid=\"false\" placeholder=\"e-post adress...\" value=\"\" type=\"text\" name=\"email\" \/><\/span><span class=\"wpcf7-form-control-wrap\" data-name=\"subject\"><input size=\"40\" maxlength=\"400\" class=\"wpcf7-form-control wpcf7-text wpcf7-validates-as-required\" aria-required=\"true\" aria-invalid=\"false\" placeholder=\"subject\" value=\"\" type=\"text\" name=\"subject\" \/><\/span><span class=\"wpcf7-form-control-wrap\" data-name=\"message\"><textarea cols=\"40\" rows=\"10\" maxlength=\"2000\" class=\"wpcf7-form-control wpcf7-textarea wpcf7-validates-as-required\" aria-required=\"true\" aria-invalid=\"false\" placeholder=\"Skriv...\" name=\"message\"><\/textarea><\/span><input class=\"wpcf7-form-control wpcf7-submit has-spinner hvr-sweep-to-right\" type=\"submit\" value=\"Skicka\" \/>\n\t<\/p>\n<\/div><p style=\"display: none !important;\" class=\"akismet-fields-container\" data-prefix=\"_wpcf7_ak_\"><label>&#916;<textarea name=\"_wpcf7_ak_hp_textarea\" cols=\"45\" rows=\"8\" maxlength=\"100\"><\/textarea><\/label><input type=\"hidden\" id=\"ak_js_1\" name=\"_wpcf7_ak_js\" value=\"195\"\/><script>document.getElementById( \"ak_js_1\" ).setAttribute( \"value\", ( new Date() ).getTime() );<\/script><\/p><div class=\"wpcf7-response-output\" aria-hidden=\"true\"><\/div>\n<\/form>\n<\/div>\n\t                <\/div><!-- \/.col-md-6 -->\n\t            <\/div><!-- \/.row -->\n\t        <\/div><!-- \/.container -->\n\t    <\/section><!-- \/.contact-page -->\n        \t\t\t\t\t<\/div>\n\t\t\t\t<\/div>\n\t\t\t\t\t<\/div>\n\t\t<\/div>\n\t\t\t\t\t<\/div>\n\t\t<\/section>\n\t\t\t\t<\/div>\n\t\t","protected":false},"excerpt":{"rendered":"<p>Kontakta oss LDS METALLKontakta oss H\u00f6r av dig Vi \u00e4r redo att \u00f6verv\u00e4ga din beg\u00e4ran. Vi garanterar kvalitet och snabbhet i arbetet<\/p>\n","protected":false},"author":1,"featured_media":0,"parent":0,"menu_order":0,"comment_status":"closed","ping_status":"closed","template":"page-templates\/home-3.php","meta":{"footnotes":""},"class_list":["post-2063","page","type-page","status-publish","hentry"],"yoast_head":"<!-- This site is optimized with the Yoast SEO Premium plugin v27.2 (Yoast SEO v27.4) - https:\/\/yoast.com\/product\/yoast-seo-premium-wordpress\/ -->\n<title>Contact Us - LDSMETALL<\/title>\n<meta name=\"robots\" content=\"index, follow, max-snippet:-1, max-image-preview:large, max-video-preview:-1\" \/>\n<link rel=\"canonical\" href=\"https:\/\/ldsmetall.eu\/ru\/contact-us\/\" \/>\n<meta property=\"og:locale\" content=\"ru_RU\" \/>\n<meta property=\"og:type\" content=\"article\" \/>\n<meta property=\"og:title\" content=\"Contact Us\" \/>\n<meta property=\"og:description\" content=\"Kontakta oss LDS METALLKontakta oss H\u00f6r av dig Vi \u00e4r redo att \u00f6verv\u00e4ga din beg\u00e4ran. Vi garanterar kvalitet och snabbhet i arbetet\" \/>\n<meta property=\"og:url\" content=\"https:\/\/ldsmetall.eu\/ru\/contact-us\/\" \/>\n<meta property=\"og:site_name\" content=\"LDSMETALL\" \/>\n<meta name=\"twitter:card\" content=\"summary_large_image\" \/>\n<script type=\"application\/ld+json\" class=\"yoast-schema-graph\">{\"@context\":\"https:\\\/\\\/schema.org\",\"@graph\":[{\"@type\":\"WebPage\",\"@id\":\"https:\\\/\\\/ldsmetall.eu\\\/ru\\\/contact-us\\\/\",\"url\":\"https:\\\/\\\/ldsmetall.eu\\\/ru\\\/contact-us\\\/\",\"name\":\"Contact Us - LDSMETALL\",\"isPartOf\":{\"@id\":\"https:\\\/\\\/ldsmetall.eu\\\/ru\\\/#website\"},\"datePublished\":\"2019-01-04T07:30:54+00:00\",\"breadcrumb\":{\"@id\":\"https:\\\/\\\/ldsmetall.eu\\\/ru\\\/contact-us\\\/#breadcrumb\"},\"inLanguage\":\"ru-RU\",\"potentialAction\":[{\"@type\":\"ReadAction\",\"target\":[\"https:\\\/\\\/ldsmetall.eu\\\/ru\\\/contact-us\\\/\"]}]},{\"@type\":\"BreadcrumbList\",\"@id\":\"https:\\\/\\\/ldsmetall.eu\\\/ru\\\/contact-us\\\/#breadcrumb\",\"itemListElement\":[{\"@type\":\"ListItem\",\"position\":1,\"name\":\"Home\",\"item\":\"https:\\\/\\\/ldsmetall.eu\\\/ru\\\/\"},{\"@type\":\"ListItem\",\"position\":2,\"name\":\"Contact Us\"}]},{\"@type\":\"WebSite\",\"@id\":\"https:\\\/\\\/ldsmetall.eu\\\/ru\\\/#website\",\"url\":\"https:\\\/\\\/ldsmetall.eu\\\/ru\\\/\",\"name\":\"LDSMETALL OU\",\"description\":\"LDSMETALL\",\"publisher\":{\"@id\":\"https:\\\/\\\/ldsmetall.eu\\\/ru\\\/#organization\"},\"potentialAction\":[{\"@type\":\"SearchAction\",\"target\":{\"@type\":\"EntryPoint\",\"urlTemplate\":\"https:\\\/\\\/ldsmetall.eu\\\/ru\\\/?s={search_term_string}\"},\"query-input\":{\"@type\":\"PropertyValueSpecification\",\"valueRequired\":true,\"valueName\":\"search_term_string\"}}],\"inLanguage\":\"ru-RU\"},{\"@type\":\"Organization\",\"@id\":\"https:\\\/\\\/ldsmetall.eu\\\/ru\\\/#organization\",\"name\":\"LDSMETALL\",\"url\":\"https:\\\/\\\/ldsmetall.eu\\\/ru\\\/\",\"logo\":{\"@type\":\"ImageObject\",\"inLanguage\":\"ru-RU\",\"@id\":\"https:\\\/\\\/ldsmetall.eu\\\/ru\\\/#\\\/schema\\\/logo\\\/image\\\/\",\"url\":\"https:\\\/\\\/ldsmetall.eu\\\/wp-content\\\/uploads\\\/2025\\\/02\\\/ldsmetalllogo21.png\",\"contentUrl\":\"https:\\\/\\\/ldsmetall.eu\\\/wp-content\\\/uploads\\\/2025\\\/02\\\/ldsmetalllogo21.png\",\"width\":190,\"height\":90,\"caption\":\"LDSMETALL\"},\"image\":{\"@id\":\"https:\\\/\\\/ldsmetall.eu\\\/ru\\\/#\\\/schema\\\/logo\\\/image\\\/\"}}]}<\/script>\n<!-- \/ Yoast SEO Premium plugin. -->","yoast_head_json":{"title":"Contact Us - LDSMETALL","robots":{"index":"index","follow":"follow","max-snippet":"max-snippet:-1","max-image-preview":"max-image-preview:large","max-video-preview":"max-video-preview:-1"},"canonical":"https:\/\/ldsmetall.eu\/ru\/contact-us\/","og_locale":"ru_RU","og_type":"article","og_title":"Contact Us","og_description":"Kontakta oss LDS METALLKontakta oss H\u00f6r av dig Vi \u00e4r redo att \u00f6verv\u00e4ga din beg\u00e4ran. Vi garanterar kvalitet och snabbhet i arbetet","og_url":"https:\/\/ldsmetall.eu\/ru\/contact-us\/","og_site_name":"LDSMETALL","twitter_card":"summary_large_image","schema":{"@context":"https:\/\/schema.org","@graph":[{"@type":"WebPage","@id":"https:\/\/ldsmetall.eu\/ru\/contact-us\/","url":"https:\/\/ldsmetall.eu\/ru\/contact-us\/","name":"Contact Us - LDSMETALL","isPartOf":{"@id":"https:\/\/ldsmetall.eu\/ru\/#website"},"datePublished":"2019-01-04T07:30:54+00:00","breadcrumb":{"@id":"https:\/\/ldsmetall.eu\/ru\/contact-us\/#breadcrumb"},"inLanguage":"ru-RU","potentialAction":[{"@type":"ReadAction","target":["https:\/\/ldsmetall.eu\/ru\/contact-us\/"]}]},{"@type":"BreadcrumbList","@id":"https:\/\/ldsmetall.eu\/ru\/contact-us\/#breadcrumb","itemListElement":[{"@type":"ListItem","position":1,"name":"Home","item":"https:\/\/ldsmetall.eu\/ru\/"},{"@type":"ListItem","position":2,"name":"Contact Us"}]},{"@type":"WebSite","@id":"https:\/\/ldsmetall.eu\/ru\/#website","url":"https:\/\/ldsmetall.eu\/ru\/","name":"LDSMETALL OU","description":"LDSMETALL","publisher":{"@id":"https:\/\/ldsmetall.eu\/ru\/#organization"},"potentialAction":[{"@type":"SearchAction","target":{"@type":"EntryPoint","urlTemplate":"https:\/\/ldsmetall.eu\/ru\/?s={search_term_string}"},"query-input":{"@type":"PropertyValueSpecification","valueRequired":true,"valueName":"search_term_string"}}],"inLanguage":"ru-RU"},{"@type":"Organization","@id":"https:\/\/ldsmetall.eu\/ru\/#organization","name":"LDSMETALL","url":"https:\/\/ldsmetall.eu\/ru\/","logo":{"@type":"ImageObject","inLanguage":"ru-RU","@id":"https:\/\/ldsmetall.eu\/ru\/#\/schema\/logo\/image\/","url":"https:\/\/ldsmetall.eu\/wp-content\/uploads\/2025\/02\/ldsmetalllogo21.png","contentUrl":"https:\/\/ldsmetall.eu\/wp-content\/uploads\/2025\/02\/ldsmetalllogo21.png","width":190,"height":90,"caption":"LDSMETALL"},"image":{"@id":"https:\/\/ldsmetall.eu\/ru\/#\/schema\/logo\/image\/"}}]}},"_links":{"self":[{"href":"https:\/\/ldsmetall.eu\/ru\/wp-json\/wp\/v2\/pages\/2063","targetHints":{"allow":["GET"]}}],"collection":[{"href":"https:\/\/ldsmetall.eu\/ru\/wp-json\/wp\/v2\/pages"}],"about":[{"href":"https:\/\/ldsmetall.eu\/ru\/wp-json\/wp\/v2\/types\/page"}],"author":[{"embeddable":true,"href":"https:\/\/ldsmetall.eu\/ru\/wp-json\/wp\/v2\/users\/1"}],"replies":[{"embeddable":true,"href":"https:\/\/ldsmetall.eu\/ru\/wp-json\/wp\/v2\/comments?post=2063"}],"version-history":[{"count":0,"href":"https:\/\/ldsmetall.eu\/ru\/wp-json\/wp\/v2\/pages\/2063\/revisions"}],"wp:attachment":[{"href":"https:\/\/ldsmetall.eu\/ru\/wp-json\/wp\/v2\/media?parent=2063"}],"curies":[{"name":"wp","href":"https:\/\/api.w.org\/{rel}","templated":true}]}}